{"id":1711,"date":"2018-08-24T03:50:05","date_gmt":"2018-08-24T03:50:05","guid":{"rendered":"http:\/\/soledad.pencidesign.com\/soledad-elegant-blog\/?page_id=6"},"modified":"2020-04-04T08:24:00","modified_gmt":"2020-04-04T08:24:00","slug":"about","status":"publish","type":"page","link":"https:\/\/www.aboutsucculents.com\/es\/sobre\/","title":{"rendered":"Sobre nosotros"},"content":{"rendered":"<p><a href=\"https:\/\/www.aboutsucculents.com\/es\/\">Acerca deSucculents<\/a> es un sitio web donde comparto mi pasi\u00f3n por las suculentas. Soy Sof\u00eda Lara, y hace 8 a\u00f1os, mi pasi\u00f3n por las suculentas comenz\u00f3 con un regalo que recib\u00ed de mi marido. Era una <a href=\"https:\/\/www.aboutsucculents.com\/es\/aloe-polyphylla\/\">Aloe Polyphylla<\/a> suculenta. En cuesti\u00f3n de pocas semanas, compr\u00e9 otros cuatro tipos de suculentas: <a href=\"https:\/\/www.aboutsucculents.com\/es\/kalanchoe-daigremontiana\/\">Kalanchoe Daigremontiana<\/a>, <a href=\"https:\/\/www.aboutsucculents.com\/es\/kalanchoe-luciae\/\">Kalanchoe Luciae<\/a>, <a href=\"https:\/\/www.aboutsucculents.com\/es\/sedum-clavatum\/\">Sedum Clavatum<\/a> y <a href=\"https:\/\/www.aboutsucculents.com\/es\/aloe-brevifolia\/\">Aloe Brevifolia<\/a>. Desde entonces, mi colecci\u00f3n de suculentas ha crecido hasta superar los 100 tipos diferentes.\u00a0<\/p>\n\n\n\n<figure class=\"wp-block-image size-large\"><img decoding=\"async\" src=\"https:\/\/www.aboutsucculents.com\/wp-content\/uploads\/2020\/04\/succulent-garden.jpg\" alt=\"\" class=\"wp-image-2198\"\/><\/figure>\n\n\n\n<p>El objetivo de AboutSucculents es ayudar a otras personas a aprender m\u00e1s sobre estas hermosas plantas y ayudarles a descubrirlas:<\/p>\n\n\n\n<ul><li><a href=\"https:\/\/www.aboutsucculents.com\/es\/como-identificar-el-tipo-de-planta-exitosa-que-desea\/\">C\u00f3mo identificar el tipo de suculenta que les conviene<\/a><\/li><li><a href=\"https:\/\/www.aboutsucculents.com\/es\/como-cuidar-a-los-pacientes\/\">C\u00f3mo cuidar las suculentas<\/a><\/li><li><a href=\"https:\/\/www.aboutsucculents.com\/es\/como-propagar-las-plantas\/\">C\u00f3mo propagar las suculentas<\/a><\/li><li><a href=\"https:\/\/www.aboutsucculents.com\/es\/6-razones-por-que-tu-suculento-esta-muriendo\/\">Por qu\u00e9 una suculenta puede estar muriendo<\/a><\/li><li><a href=\"https:\/\/www.aboutsucculents.com\/es\/como-regar-las-plantas-con-exito\/\">C\u00f3mo regar las plantas suculentas<\/a><\/li><li><a href=\"https:\/\/www.aboutsucculents.com\/es\/cual-es-el-mejor-suelo-para-las-suculentas\/\">Qu\u00e9 tierra es la mejor para las suculentas<\/a><\/li><\/ul>\n\n\n\n<p>En nuestro sitio web hemos creado un <a href=\"https:\/\/www.aboutsucculents.com\/es\/category\/succulents\/\">gu\u00eda para cada tipo de suculenta<\/a>. Si\u00e9ntase libre de explorarlas y descubrir qu\u00e9 suculenta es la adecuada para usted.&nbsp;<\/p>\n\n\n\n<p>Si desea ponerse en contacto con nosotros, utilice el <a href=\"https:\/\/www.aboutsucculents.com\/es\/contacte-con\/\">p\u00e1gina de contacto<\/a>.&nbsp;<\/p>","protected":false},"excerpt":{"rendered":"<p>AboutSucculents es un sitio web donde comparto mi pasi\u00f3n por las suculentas. Soy Sof\u00eda Lara,...<\/p>","protected":false},"author":1,"featured_media":0,"parent":0,"menu_order":0,"comment_status":"closed","ping_status":"closed","template":"page-sidebar.php","meta":{"_lmt_disableupdate":"no","_lmt_disable":""},"yoast_head":"<!-- This site is optimized with the Yoast SEO Premium plugin v20.4 (Yoast SEO v20.4) - https:\/\/yoast.com\/wordpress\/plugins\/seo\/ -->\n<title>About us - About Succulents<\/title>\n<meta name=\"robots\" content=\"index, follow, max-snippet:-1, max-image-preview:large, max-video-preview:-1\" \/>\n<link rel=\"canonical\" href=\"https:\/\/www.aboutsucculents.com\/es\/sobre\/\" \/>\n<meta property=\"og:locale\" content=\"es_ES\" \/>\n<meta property=\"og:type\" content=\"article\" \/>\n<meta property=\"og:title\" content=\"About us\" \/>\n<meta property=\"og:description\" content=\"AboutSucculents is a website where I share my passion for succulents. I&#8217;m Sofia Lara,&hellip;\" \/>\n<meta property=\"og:url\" content=\"https:\/\/www.aboutsucculents.com\/es\/sobre\/\" \/>\n<meta property=\"og:site_name\" content=\"About Succulents\" \/>\n<meta property=\"article:modified_time\" content=\"2020-04-04T08:24:00+00:00\" \/>\n<meta property=\"og:image\" content=\"https:\/\/www.aboutsucculents.com\/wp-content\/uploads\/2020\/04\/succulent-garden.jpg\" \/>\n<meta name=\"twitter:card\" content=\"summary_large_image\" \/>\n<meta name=\"twitter:label1\" content=\"Tiempo de lectura\" \/>\n\t<meta name=\"twitter:data1\" content=\"1 minuto\" \/>\n<script type=\"application\/ld+json\" class=\"yoast-schema-graph\">{\"@context\":\"https:\/\/schema.org\",\"@graph\":[{\"@type\":\"WebPage\",\"@id\":\"https:\/\/www.aboutsucculents.com\/about\/\",\"url\":\"https:\/\/www.aboutsucculents.com\/about\/\",\"name\":\"About us - About Succulents\",\"isPartOf\":{\"@id\":\"https:\/\/www.aboutsucculents.com\/#website\"},\"datePublished\":\"2018-08-24T03:50:05+00:00\",\"dateModified\":\"2020-04-04T08:24:00+00:00\",\"breadcrumb\":{\"@id\":\"https:\/\/www.aboutsucculents.com\/about\/#breadcrumb\"},\"inLanguage\":\"es\",\"potentialAction\":[{\"@type\":\"ReadAction\",\"target\":[\"https:\/\/www.aboutsucculents.com\/about\/\"]}]},{\"@type\":\"BreadcrumbList\",\"@id\":\"https:\/\/www.aboutsucculents.com\/about\/#breadcrumb\",\"itemListElement\":[{\"@type\":\"ListItem\",\"position\":1,\"name\":\"Home\",\"item\":\"https:\/\/www.aboutsucculents.com\/\"},{\"@type\":\"ListItem\",\"position\":2,\"name\":\"About us\"}]},{\"@type\":\"WebSite\",\"@id\":\"https:\/\/www.aboutsucculents.com\/#website\",\"url\":\"https:\/\/www.aboutsucculents.com\/\",\"name\":\"About Succulents\",\"description\":\"\",\"publisher\":{\"@id\":\"https:\/\/www.aboutsucculents.com\/#organization\"},\"potentialAction\":[{\"@type\":\"SearchAction\",\"target\":{\"@type\":\"EntryPoint\",\"urlTemplate\":\"https:\/\/www.aboutsucculents.com\/?s={search_term_string}\"},\"query-input\":\"required name=search_term_string\"}],\"inLanguage\":\"es\"},{\"@type\":\"Organization\",\"@id\":\"https:\/\/www.aboutsucculents.com\/#organization\",\"name\":\"AboutSucculents\",\"url\":\"https:\/\/www.aboutsucculents.com\/\",\"logo\":{\"@type\":\"ImageObject\",\"inLanguage\":\"es\",\"@id\":\"https:\/\/www.aboutsucculents.com\/#\/schema\/logo\/image\/\",\"url\":\"https:\/\/www.aboutsucculents.com\/wp-content\/uploads\/2020\/03\/about-succulents-logo.png\",\"contentUrl\":\"https:\/\/www.aboutsucculents.com\/wp-content\/uploads\/2020\/03\/about-succulents-logo.png\",\"width\":200,\"height\":132,\"caption\":\"AboutSucculents\"},\"image\":{\"@id\":\"https:\/\/www.aboutsucculents.com\/#\/schema\/logo\/image\/\"}}]}<\/script>\n<!-- \/ Yoast SEO Premium plugin. -->","yoast_head_json":{"title":"About us - About Succulents","robots":{"index":"index","follow":"follow","max-snippet":"max-snippet:-1","max-image-preview":"max-image-preview:large","max-video-preview":"max-video-preview:-1"},"canonical":"https:\/\/www.aboutsucculents.com\/es\/sobre\/","og_locale":"es_ES","og_type":"article","og_title":"About us","og_description":"AboutSucculents is a website where I share my passion for succulents. I&#8217;m Sofia Lara,&hellip;","og_url":"https:\/\/www.aboutsucculents.com\/es\/sobre\/","og_site_name":"About Succulents","article_modified_time":"2020-04-04T08:24:00+00:00","og_image":[{"url":"https:\/\/www.aboutsucculents.com\/wp-content\/uploads\/2020\/04\/succulent-garden.jpg"}],"twitter_card":"summary_large_image","twitter_misc":{"Tiempo de lectura":"1 minuto"},"schema":{"@context":"https:\/\/schema.org","@graph":[{"@type":"WebPage","@id":"https:\/\/www.aboutsucculents.com\/about\/","url":"https:\/\/www.aboutsucculents.com\/about\/","name":"About us - About Succulents","isPartOf":{"@id":"https:\/\/www.aboutsucculents.com\/#website"},"datePublished":"2018-08-24T03:50:05+00:00","dateModified":"2020-04-04T08:24:00+00:00","breadcrumb":{"@id":"https:\/\/www.aboutsucculents.com\/about\/#breadcrumb"},"inLanguage":"es","potentialAction":[{"@type":"ReadAction","target":["https:\/\/www.aboutsucculents.com\/about\/"]}]},{"@type":"BreadcrumbList","@id":"https:\/\/www.aboutsucculents.com\/about\/#breadcrumb","itemListElement":[{"@type":"ListItem","position":1,"name":"Home","item":"https:\/\/www.aboutsucculents.com\/"},{"@type":"ListItem","position":2,"name":"About us"}]},{"@type":"WebSite","@id":"https:\/\/www.aboutsucculents.com\/#website","url":"https:\/\/www.aboutsucculents.com\/","name":"About Succulents","description":"","publisher":{"@id":"https:\/\/www.aboutsucculents.com\/#organization"},"potentialAction":[{"@type":"SearchAction","target":{"@type":"EntryPoint","urlTemplate":"https:\/\/www.aboutsucculents.com\/?s={search_term_string}"},"query-input":"required name=search_term_string"}],"inLanguage":"es"},{"@type":"Organization","@id":"https:\/\/www.aboutsucculents.com\/#organization","name":"AboutSucculents","url":"https:\/\/www.aboutsucculents.com\/","logo":{"@type":"ImageObject","inLanguage":"es","@id":"https:\/\/www.aboutsucculents.com\/#\/schema\/logo\/image\/","url":"https:\/\/www.aboutsucculents.com\/wp-content\/uploads\/2020\/03\/about-succulents-logo.png","contentUrl":"https:\/\/www.aboutsucculents.com\/wp-content\/uploads\/2020\/03\/about-succulents-logo.png","width":200,"height":132,"caption":"AboutSucculents"},"image":{"@id":"https:\/\/www.aboutsucculents.com\/#\/schema\/logo\/image\/"}}]}},"_links":{"self":[{"href":"https:\/\/www.aboutsucculents.com\/es\/wp-json\/wp\/v2\/pages\/1711"}],"collection":[{"href":"https:\/\/www.aboutsucculents.com\/es\/wp-json\/wp\/v2\/pages"}],"about":[{"href":"https:\/\/www.aboutsucculents.com\/es\/wp-json\/wp\/v2\/types\/page"}],"author":[{"embeddable":true,"href":"https:\/\/www.aboutsucculents.com\/es\/wp-json\/wp\/v2\/users\/1"}],"replies":[{"embeddable":true,"href":"https:\/\/www.aboutsucculents.com\/es\/wp-json\/wp\/v2\/comments?post=1711"}],"version-history":[{"count":5,"href":"https:\/\/www.aboutsucculents.com\/es\/wp-json\/wp\/v2\/pages\/1711\/revisions"}],"predecessor-version":[{"id":2202,"href":"https:\/\/www.aboutsucculents.com\/es\/wp-json\/wp\/v2\/pages\/1711\/revisions\/2202"}],"wp:attachment":[{"href":"https:\/\/www.aboutsucculents.com\/es\/wp-json\/wp\/v2\/media?parent=1711"}],"curies":[{"name":"wp","href":"https:\/\/api.w.org\/{rel}","templated":true}]}}