{"id":1712,"date":"2018-08-24T03:50:19","date_gmt":"2018-08-24T03:50:19","guid":{"rendered":"http:\/\/soledad.pencidesign.com\/soledad-elegant-blog\/?page_id=8"},"modified":"2020-04-04T08:32:22","modified_gmt":"2020-04-04T08:32:22","slug":"contact","status":"publish","type":"page","link":"https:\/\/www.aboutsucculents.com\/es\/contacte-con\/","title":{"rendered":"Contacto"},"content":{"rendered":"<p>\u00bfTiene alguna pregunta sobre las suculentas o simplemente quiere saludar? \u00a1Nos encantar\u00eda saber de ti! Escriba su mensaje a continuaci\u00f3n y nos pondremos en contacto con usted lo antes posible. Puedes leer m\u00e1s <a href=\"https:\/\/www.aboutsucculents.com\/es\/sobre\/\">sobre nosotros aqu\u00ed.\u00a0<\/a><\/p>\n\n<div class=\"wpforms-container wpforms-container-full wpforms-block\" id=\"wpforms-2192\"><form id=\"wpforms-form-2192\" class=\"wpforms-validate wpforms-form\" data-formid=\"2192\" method=\"post\" enctype=\"multipart\/form-data\" action=\"\/es\/wp-json\/wp\/v2\/pages\/1712\" data-token=\"080f2af803c00a53e342e6e1f6005731\" data-trp-original-action=\"\/es\/wp-json\/wp\/v2\/pages\/1712\"><noscript class=\"wpforms-error-noscript\">Por favor, active JavaScript en su navegador para completar este formulario.<\/noscript><div class=\"wpforms-field-container\"><div id=\"wpforms-2192-field_0-container\" class=\"wpforms-field wpforms-field-name\" data-field-id=\"0\"><label class=\"wpforms-field-label\" for=\"wpforms-2192-field_0\">Nombre <span class=\"wpforms-required-label\">*<\/span><\/label><div class=\"wpforms-field-row wpforms-field-medium\"><div class=\"wpforms-field-row-block wpforms-first wpforms-one-half\"><input type=\"text\" id=\"wpforms-2192-field_0\" class=\"wpforms-field-name-first wpforms-field-required\" name=\"wpforms[fields][0][first]\" required><label for=\"wpforms-2192-field_0\" class=\"wpforms-field-sublabel after\">Nombre<\/label><\/div><div class=\"wpforms-field-row-block wpforms-one-half\"><input type=\"text\" id=\"wpforms-2192-field_0-last\" class=\"wpforms-field-name-last wpforms-field-required\" name=\"wpforms[fields][0][last]\" required><label for=\"wpforms-2192-field_0-last\" class=\"wpforms-field-sublabel after\">Apellidos<\/label><\/div><\/div><\/div><div id=\"wpforms-2192-field_1-container\" class=\"wpforms-field wpforms-field-email\" data-field-id=\"1\"><label class=\"wpforms-field-label\" for=\"wpforms-2192-field_1\">Env\u00ede un correo electr\u00f3nico a <span class=\"wpforms-required-label\">*<\/span><\/label><input type=\"email\" id=\"wpforms-2192-field_1\" class=\"wpforms-field-medium wpforms-field-required\" name=\"wpforms[fields][1]\" spellcheck=\"false\" required><\/div><div id=\"wpforms-2192-field_2-container\" class=\"wpforms-field wpforms-field-textarea\" data-field-id=\"2\"><label class=\"wpforms-field-label\" for=\"wpforms-2192-field_2\">Comentario o mensaje <span class=\"wpforms-required-label\">*<\/span><\/label><textarea id=\"wpforms-2192-field_2\" class=\"wpforms-field-medium wpforms-field-required\" name=\"wpforms[fields][2]\" required><\/textarea><\/div><\/div><!-- .wpforms-field-container --><div class=\"wpforms-field wpforms-field-hp\"><label for=\"wpforms-2192-field-hp\" class=\"wpforms-field-label\">Message<\/label><input type=\"text\" name=\"wpforms[hp]\" id=\"wpforms-2192-field-hp\" class=\"wpforms-field-medium\"><\/div><div class=\"wpforms-submit-container\" ><input type=\"hidden\" name=\"wpforms[id]\" value=\"2192\"><input type=\"hidden\" name=\"wpforms[author]\" value=\"1\"><button type=\"submit\" name=\"wpforms[submit]\" id=\"wpforms-submit-2192\" class=\"wpforms-submit\" data-alt-text=\"Sending...\" data-submit-text=\"Submit\" aria-live=\"assertive\" value=\"wpforms-submit\">Enviar<\/button><\/div><input type=\"hidden\" name=\"trp-form-language\" value=\"es\"\/><\/form><\/div>  <!-- .wpforms-container -->","protected":false},"excerpt":{"rendered":"<p>\u00bfTiene alguna pregunta sobre las suculentas o simplemente quiere saludar? Nosotros...<\/p>","protected":false},"author":1,"featured_media":0,"parent":0,"menu_order":0,"comment_status":"closed","ping_status":"closed","template":"page-sidebar.php","meta":{"_lmt_disableupdate":"no","_lmt_disable":""},"yoast_head":"<!-- This site is optimized with the Yoast SEO Premium plugin v20.4 (Yoast SEO v20.4) - https:\/\/yoast.com\/wordpress\/plugins\/seo\/ -->\n<title>Contact Us - About Succulents<\/title>\n<meta name=\"robots\" content=\"index, follow, max-snippet:-1, max-image-preview:large, max-video-preview:-1\" \/>\n<link rel=\"canonical\" href=\"https:\/\/www.aboutsucculents.com\/es\/contacte-con\/\" \/>\n<meta property=\"og:locale\" content=\"es_ES\" \/>\n<meta property=\"og:type\" content=\"article\" \/>\n<meta property=\"og:title\" content=\"Contact Us\" \/>\n<meta property=\"og:description\" content=\"Do you have a question about succulents or just want to say hi? We&hellip;\" \/>\n<meta property=\"og:url\" content=\"https:\/\/www.aboutsucculents.com\/es\/contacte-con\/\" \/>\n<meta property=\"og:site_name\" content=\"About Succulents\" \/>\n<meta property=\"article:modified_time\" content=\"2020-04-04T08:32:22+00:00\" \/>\n<meta name=\"twitter:card\" content=\"summary_large_image\" \/>\n<script type=\"application\/ld+json\" class=\"yoast-schema-graph\">{\"@context\":\"https:\/\/schema.org\",\"@graph\":[{\"@type\":\"WebPage\",\"@id\":\"https:\/\/www.aboutsucculents.com\/contact\/\",\"url\":\"https:\/\/www.aboutsucculents.com\/contact\/\",\"name\":\"Contact Us - About Succulents\",\"isPartOf\":{\"@id\":\"https:\/\/www.aboutsucculents.com\/#website\"},\"datePublished\":\"2018-08-24T03:50:19+00:00\",\"dateModified\":\"2020-04-04T08:32:22+00:00\",\"breadcrumb\":{\"@id\":\"https:\/\/www.aboutsucculents.com\/contact\/#breadcrumb\"},\"inLanguage\":\"es\",\"potentialAction\":[{\"@type\":\"ReadAction\",\"target\":[\"https:\/\/www.aboutsucculents.com\/contact\/\"]}]},{\"@type\":\"BreadcrumbList\",\"@id\":\"https:\/\/www.aboutsucculents.com\/contact\/#breadcrumb\",\"itemListElement\":[{\"@type\":\"ListItem\",\"position\":1,\"name\":\"Home\",\"item\":\"https:\/\/www.aboutsucculents.com\/\"},{\"@type\":\"ListItem\",\"position\":2,\"name\":\"Contact Us\"}]},{\"@type\":\"WebSite\",\"@id\":\"https:\/\/www.aboutsucculents.com\/#website\",\"url\":\"https:\/\/www.aboutsucculents.com\/\",\"name\":\"About Succulents\",\"description\":\"\",\"publisher\":{\"@id\":\"https:\/\/www.aboutsucculents.com\/#organization\"},\"potentialAction\":[{\"@type\":\"SearchAction\",\"target\":{\"@type\":\"EntryPoint\",\"urlTemplate\":\"https:\/\/www.aboutsucculents.com\/?s={search_term_string}\"},\"query-input\":\"required name=search_term_string\"}],\"inLanguage\":\"es\"},{\"@type\":\"Organization\",\"@id\":\"https:\/\/www.aboutsucculents.com\/#organization\",\"name\":\"AboutSucculents\",\"url\":\"https:\/\/www.aboutsucculents.com\/\",\"logo\":{\"@type\":\"ImageObject\",\"inLanguage\":\"es\",\"@id\":\"https:\/\/www.aboutsucculents.com\/#\/schema\/logo\/image\/\",\"url\":\"https:\/\/www.aboutsucculents.com\/wp-content\/uploads\/2020\/03\/about-succulents-logo.png\",\"contentUrl\":\"https:\/\/www.aboutsucculents.com\/wp-content\/uploads\/2020\/03\/about-succulents-logo.png\",\"width\":200,\"height\":132,\"caption\":\"AboutSucculents\"},\"image\":{\"@id\":\"https:\/\/www.aboutsucculents.com\/#\/schema\/logo\/image\/\"}}]}<\/script>\n<!-- \/ Yoast SEO Premium plugin. -->","yoast_head_json":{"title":"Contact Us - About Succulents","robots":{"index":"index","follow":"follow","max-snippet":"max-snippet:-1","max-image-preview":"max-image-preview:large","max-video-preview":"max-video-preview:-1"},"canonical":"https:\/\/www.aboutsucculents.com\/es\/contacte-con\/","og_locale":"es_ES","og_type":"article","og_title":"Contact Us","og_description":"Do you have a question about succulents or just want to say hi? We&hellip;","og_url":"https:\/\/www.aboutsucculents.com\/es\/contacte-con\/","og_site_name":"About Succulents","article_modified_time":"2020-04-04T08:32:22+00:00","twitter_card":"summary_large_image","schema":{"@context":"https:\/\/schema.org","@graph":[{"@type":"WebPage","@id":"https:\/\/www.aboutsucculents.com\/contact\/","url":"https:\/\/www.aboutsucculents.com\/contact\/","name":"Contact Us - About Succulents","isPartOf":{"@id":"https:\/\/www.aboutsucculents.com\/#website"},"datePublished":"2018-08-24T03:50:19+00:00","dateModified":"2020-04-04T08:32:22+00:00","breadcrumb":{"@id":"https:\/\/www.aboutsucculents.com\/contact\/#breadcrumb"},"inLanguage":"es","potentialAction":[{"@type":"ReadAction","target":["https:\/\/www.aboutsucculents.com\/contact\/"]}]},{"@type":"BreadcrumbList","@id":"https:\/\/www.aboutsucculents.com\/contact\/#breadcrumb","itemListElement":[{"@type":"ListItem","position":1,"name":"Home","item":"https:\/\/www.aboutsucculents.com\/"},{"@type":"ListItem","position":2,"name":"Contact Us"}]},{"@type":"WebSite","@id":"https:\/\/www.aboutsucculents.com\/#website","url":"https:\/\/www.aboutsucculents.com\/","name":"About Succulents","description":"","publisher":{"@id":"https:\/\/www.aboutsucculents.com\/#organization"},"potentialAction":[{"@type":"SearchAction","target":{"@type":"EntryPoint","urlTemplate":"https:\/\/www.aboutsucculents.com\/?s={search_term_string}"},"query-input":"required name=search_term_string"}],"inLanguage":"es"},{"@type":"Organization","@id":"https:\/\/www.aboutsucculents.com\/#organization","name":"AboutSucculents","url":"https:\/\/www.aboutsucculents.com\/","logo":{"@type":"ImageObject","inLanguage":"es","@id":"https:\/\/www.aboutsucculents.com\/#\/schema\/logo\/image\/","url":"https:\/\/www.aboutsucculents.com\/wp-content\/uploads\/2020\/03\/about-succulents-logo.png","contentUrl":"https:\/\/www.aboutsucculents.com\/wp-content\/uploads\/2020\/03\/about-succulents-logo.png","width":200,"height":132,"caption":"AboutSucculents"},"image":{"@id":"https:\/\/www.aboutsucculents.com\/#\/schema\/logo\/image\/"}}]}},"_links":{"self":[{"href":"https:\/\/www.aboutsucculents.com\/es\/wp-json\/wp\/v2\/pages\/1712"}],"collection":[{"href":"https:\/\/www.aboutsucculents.com\/es\/wp-json\/wp\/v2\/pages"}],"about":[{"href":"https:\/\/www.aboutsucculents.com\/es\/wp-json\/wp\/v2\/types\/page"}],"author":[{"embeddable":true,"href":"https:\/\/www.aboutsucculents.com\/es\/wp-json\/wp\/v2\/users\/1"}],"replies":[{"embeddable":true,"href":"https:\/\/www.aboutsucculents.com\/es\/wp-json\/wp\/v2\/comments?post=1712"}],"version-history":[{"count":5,"href":"https:\/\/www.aboutsucculents.com\/es\/wp-json\/wp\/v2\/pages\/1712\/revisions"}],"predecessor-version":[{"id":2213,"href":"https:\/\/www.aboutsucculents.com\/es\/wp-json\/wp\/v2\/pages\/1712\/revisions\/2213"}],"wp:attachment":[{"href":"https:\/\/www.aboutsucculents.com\/es\/wp-json\/wp\/v2\/media?parent=1712"}],"curies":[{"name":"wp","href":"https:\/\/api.w.org\/{rel}","templated":true}]}}